{"id":94,"date":"2017-04-18T17:11:05","date_gmt":"2017-04-18T15:11:05","guid":{"rendered":"http:\/\/www.fotokunst-unterweser.de\/wordpress\/?page_id=94"},"modified":"2017-05-07T01:25:46","modified_gmt":"2017-05-06T23:25:46","slug":"fotos","status":"publish","type":"page","link":"https:\/\/www.fotokunst-unterweser.de\/wordpress\/fotos\/","title":{"rendered":"Fotos"},"content":{"rendered":"<p><a href=\"https:\/\/www.fotokunst-unterweser.de\/wordpress\/wp-content\/uploads\/2017\/05\/Flyerbilder-e1494113024122.jpg\"><img decoding=\"async\" src=\"https:\/\/www.fotokunst-unterweser.de\/wordpress\/wp-content\/uploads\/2017\/05\/Flyerbilder.jpg\" alt=\"\"><\/a><\/p>\n<p>Im Bereich &#8222;Fotos unserer Mitglieder&#8220; zeigen die Fotografen der fotokunst unterweser Beispiele ihre Arbeit. Jeder von uns hat eine individuelle Sicht auf bisweilen \u00e4hnliche Motive &#8211; und setzt sie k\u00fcnstlerisch auf seine\/ihre Weise um. Es ist diese Vielfalt, die unsere Beispiele zur Entdeckungsreise werden l\u00e4sst. Und <a href=\"https:\/\/www.fotokunst-unterweser.de\/wordpress\/von-unseren-mitgliedern\/\">hier<\/a> beginnt sie.<\/p>\n<p>Die fotokunst unterweser zeichnet sich durch vielf\u00e4ltige gemeinsame Aktivit\u00e4ten in der &#8222;analogen&#8220; Welt aus. Eindr\u00fccke, wie unsere Fotos entstehen, finden <a href=\"https:\/\/www.fotokunst-unterweser.de\/wordpress\/von-aktivitaeten\/\">hier<\/a>.<\/p>\n","protected":false},"excerpt":{"rendered":"<p>Im Bereich &#8222;Fotos unserer Mitglieder&#8220; zeigen die Fotografen der fotokunst unterweser Beispiele ihre Arbeit. Jeder von uns hat eine individuelle Sicht auf bisweilen \u00e4hnliche Motive &#8211; und setzt sie k\u00fcnstlerisch [&hellip;]<\/p>\n","protected":false},"author":5,"featured_media":0,"parent":0,"menu_order":0,"comment_status":"closed","ping_status":"closed","template":"","meta":{"ngg_post_thumbnail":0,"footnotes":""},"class_list":["post-94","page","type-page","status-publish","hentry"],"yoast_head":"<!-- This site is optimized with the Yoast SEO plugin v24.7 - https:\/\/yoast.com\/wordpress\/plugins\/seo\/ -->\n<title>Fotos - fotokunst unterweser<\/title>\n<meta name=\"robots\" content=\"index, follow, max-snippet:-1, max-image-preview:large, max-video-preview:-1\" \/>\n<link rel=\"canonical\" href=\"https:\/\/www.fotokunst-unterweser.de\/wordpress\/fotos\/\" \/>\n<meta property=\"og:locale\" content=\"de_DE\" \/>\n<meta property=\"og:type\" content=\"article\" \/>\n<meta property=\"og:title\" content=\"Fotos - fotokunst unterweser\" \/>\n<meta property=\"og:description\" content=\"Im Bereich &#8222;Fotos unserer Mitglieder&#8220; zeigen die Fotografen der fotokunst unterweser Beispiele ihre Arbeit. Jeder von uns hat eine individuelle Sicht auf bisweilen \u00e4hnliche Motive &#8211; und setzt sie k\u00fcnstlerisch [&hellip;]\" \/>\n<meta property=\"og:url\" content=\"https:\/\/www.fotokunst-unterweser.de\/wordpress\/fotos\/\" \/>\n<meta property=\"og:site_name\" content=\"fotokunst unterweser\" \/>\n<meta property=\"article:publisher\" content=\"https:\/\/www.facebook.com\/fotokunstunterweser\/\" \/>\n<meta property=\"article:modified_time\" content=\"2017-05-06T23:25:46+00:00\" \/>\n<meta property=\"og:image\" content=\"http:\/\/www.fotokunst-unterweser.de\/wordpress\/wp-content\/uploads\/2017\/05\/Flyerbilder.jpg\" \/>\n<meta name=\"twitter:card\" content=\"summary_large_image\" \/>\n<script type=\"application\/ld+json\" class=\"yoast-schema-graph\">{\"@context\":\"https:\/\/schema.org\",\"@graph\":[{\"@type\":\"WebPage\",\"@id\":\"https:\/\/www.fotokunst-unterweser.de\/wordpress\/fotos\/\",\"url\":\"https:\/\/www.fotokunst-unterweser.de\/wordpress\/fotos\/\",\"name\":\"Fotos - fotokunst unterweser\",\"isPartOf\":{\"@id\":\"https:\/\/www.fotokunst-unterweser.de\/wordpress\/#website\"},\"primaryImageOfPage\":{\"@id\":\"https:\/\/www.fotokunst-unterweser.de\/wordpress\/fotos\/#primaryimage\"},\"image\":{\"@id\":\"https:\/\/www.fotokunst-unterweser.de\/wordpress\/fotos\/#primaryimage\"},\"thumbnailUrl\":\"http:\/\/www.fotokunst-unterweser.de\/wordpress\/wp-content\/uploads\/2017\/05\/Flyerbilder.jpg\",\"datePublished\":\"2017-04-18T15:11:05+00:00\",\"dateModified\":\"2017-05-06T23:25:46+00:00\",\"breadcrumb\":{\"@id\":\"https:\/\/www.fotokunst-unterweser.de\/wordpress\/fotos\/#breadcrumb\"},\"inLanguage\":\"de\",\"potentialAction\":[{\"@type\":\"ReadAction\",\"target\":[\"https:\/\/www.fotokunst-unterweser.de\/wordpress\/fotos\/\"]}]},{\"@type\":\"ImageObject\",\"inLanguage\":\"de\",\"@id\":\"https:\/\/www.fotokunst-unterweser.de\/wordpress\/fotos\/#primaryimage\",\"url\":\"http:\/\/www.fotokunst-unterweser.de\/wordpress\/wp-content\/uploads\/2017\/05\/Flyerbilder.jpg\",\"contentUrl\":\"http:\/\/www.fotokunst-unterweser.de\/wordpress\/wp-content\/uploads\/2017\/05\/Flyerbilder.jpg\"},{\"@type\":\"BreadcrumbList\",\"@id\":\"https:\/\/www.fotokunst-unterweser.de\/wordpress\/fotos\/#breadcrumb\",\"itemListElement\":[{\"@type\":\"ListItem\",\"position\":1,\"name\":\"Startseite\",\"item\":\"https:\/\/www.fotokunst-unterweser.de\/wordpress\/\"},{\"@type\":\"ListItem\",\"position\":2,\"name\":\"Fotos\"}]},{\"@type\":\"WebSite\",\"@id\":\"https:\/\/www.fotokunst-unterweser.de\/wordpress\/#website\",\"url\":\"https:\/\/www.fotokunst-unterweser.de\/wordpress\/\",\"name\":\"fotokunst unterweser\",\"description\":\"\",\"publisher\":{\"@id\":\"https:\/\/www.fotokunst-unterweser.de\/wordpress\/#organization\"},\"potentialAction\":[{\"@type\":\"SearchAction\",\"target\":{\"@type\":\"EntryPoint\",\"urlTemplate\":\"https:\/\/www.fotokunst-unterweser.de\/wordpress\/?s={search_term_string}\"},\"query-input\":{\"@type\":\"PropertyValueSpecification\",\"valueRequired\":true,\"valueName\":\"search_term_string\"}}],\"inLanguage\":\"de\"},{\"@type\":\"Organization\",\"@id\":\"https:\/\/www.fotokunst-unterweser.de\/wordpress\/#organization\",\"name\":\"fotokunst unterweser\",\"url\":\"https:\/\/www.fotokunst-unterweser.de\/wordpress\/\",\"logo\":{\"@type\":\"ImageObject\",\"inLanguage\":\"de\",\"@id\":\"https:\/\/www.fotokunst-unterweser.de\/wordpress\/#\/schema\/logo\/image\/\",\"url\":\"https:\/\/www.fotokunst-unterweser.de\/wordpress\/wp-content\/uploads\/2017\/02\/Logo_300px.jpg\",\"contentUrl\":\"https:\/\/www.fotokunst-unterweser.de\/wordpress\/wp-content\/uploads\/2017\/02\/Logo_300px.jpg\",\"width\":293,\"height\":124,\"caption\":\"fotokunst unterweser\"},\"image\":{\"@id\":\"https:\/\/www.fotokunst-unterweser.de\/wordpress\/#\/schema\/logo\/image\/\"},\"sameAs\":[\"https:\/\/www.facebook.com\/fotokunstunterweser\/\",\"https:\/\/www.facebook.com\/search\/top?q=fotokunstunterweser\"]}]}<\/script>\n<!-- \/ Yoast SEO plugin. -->","yoast_head_json":{"title":"Fotos - fotokunst unterweser","robots":{"index":"index","follow":"follow","max-snippet":"max-snippet:-1","max-image-preview":"max-image-preview:large","max-video-preview":"max-video-preview:-1"},"canonical":"https:\/\/www.fotokunst-unterweser.de\/wordpress\/fotos\/","og_locale":"de_DE","og_type":"article","og_title":"Fotos - fotokunst unterweser","og_description":"Im Bereich &#8222;Fotos unserer Mitglieder&#8220; zeigen die Fotografen der fotokunst unterweser Beispiele ihre Arbeit. Jeder von uns hat eine individuelle Sicht auf bisweilen \u00e4hnliche Motive &#8211; und setzt sie k\u00fcnstlerisch [&hellip;]","og_url":"https:\/\/www.fotokunst-unterweser.de\/wordpress\/fotos\/","og_site_name":"fotokunst unterweser","article_publisher":"https:\/\/www.facebook.com\/fotokunstunterweser\/","article_modified_time":"2017-05-06T23:25:46+00:00","og_image":[{"url":"http:\/\/www.fotokunst-unterweser.de\/wordpress\/wp-content\/uploads\/2017\/05\/Flyerbilder.jpg","type":"","width":"","height":""}],"twitter_card":"summary_large_image","schema":{"@context":"https:\/\/schema.org","@graph":[{"@type":"WebPage","@id":"https:\/\/www.fotokunst-unterweser.de\/wordpress\/fotos\/","url":"https:\/\/www.fotokunst-unterweser.de\/wordpress\/fotos\/","name":"Fotos - fotokunst unterweser","isPartOf":{"@id":"https:\/\/www.fotokunst-unterweser.de\/wordpress\/#website"},"primaryImageOfPage":{"@id":"https:\/\/www.fotokunst-unterweser.de\/wordpress\/fotos\/#primaryimage"},"image":{"@id":"https:\/\/www.fotokunst-unterweser.de\/wordpress\/fotos\/#primaryimage"},"thumbnailUrl":"http:\/\/www.fotokunst-unterweser.de\/wordpress\/wp-content\/uploads\/2017\/05\/Flyerbilder.jpg","datePublished":"2017-04-18T15:11:05+00:00","dateModified":"2017-05-06T23:25:46+00:00","breadcrumb":{"@id":"https:\/\/www.fotokunst-unterweser.de\/wordpress\/fotos\/#breadcrumb"},"inLanguage":"de","potentialAction":[{"@type":"ReadAction","target":["https:\/\/www.fotokunst-unterweser.de\/wordpress\/fotos\/"]}]},{"@type":"ImageObject","inLanguage":"de","@id":"https:\/\/www.fotokunst-unterweser.de\/wordpress\/fotos\/#primaryimage","url":"http:\/\/www.fotokunst-unterweser.de\/wordpress\/wp-content\/uploads\/2017\/05\/Flyerbilder.jpg","contentUrl":"http:\/\/www.fotokunst-unterweser.de\/wordpress\/wp-content\/uploads\/2017\/05\/Flyerbilder.jpg"},{"@type":"BreadcrumbList","@id":"https:\/\/www.fotokunst-unterweser.de\/wordpress\/fotos\/#breadcrumb","itemListElement":[{"@type":"ListItem","position":1,"name":"Startseite","item":"https:\/\/www.fotokunst-unterweser.de\/wordpress\/"},{"@type":"ListItem","position":2,"name":"Fotos"}]},{"@type":"WebSite","@id":"https:\/\/www.fotokunst-unterweser.de\/wordpress\/#website","url":"https:\/\/www.fotokunst-unterweser.de\/wordpress\/","name":"fotokunst unterweser","description":"","publisher":{"@id":"https:\/\/www.fotokunst-unterweser.de\/wordpress\/#organization"},"potentialAction":[{"@type":"SearchAction","target":{"@type":"EntryPoint","urlTemplate":"https:\/\/www.fotokunst-unterweser.de\/wordpress\/?s={search_term_string}"},"query-input":{"@type":"PropertyValueSpecification","valueRequired":true,"valueName":"search_term_string"}}],"inLanguage":"de"},{"@type":"Organization","@id":"https:\/\/www.fotokunst-unterweser.de\/wordpress\/#organization","name":"fotokunst unterweser","url":"https:\/\/www.fotokunst-unterweser.de\/wordpress\/","logo":{"@type":"ImageObject","inLanguage":"de","@id":"https:\/\/www.fotokunst-unterweser.de\/wordpress\/#\/schema\/logo\/image\/","url":"https:\/\/www.fotokunst-unterweser.de\/wordpress\/wp-content\/uploads\/2017\/02\/Logo_300px.jpg","contentUrl":"https:\/\/www.fotokunst-unterweser.de\/wordpress\/wp-content\/uploads\/2017\/02\/Logo_300px.jpg","width":293,"height":124,"caption":"fotokunst unterweser"},"image":{"@id":"https:\/\/www.fotokunst-unterweser.de\/wordpress\/#\/schema\/logo\/image\/"},"sameAs":["https:\/\/www.facebook.com\/fotokunstunterweser\/","https:\/\/www.facebook.com\/search\/top?q=fotokunstunterweser"]}]}},"_links":{"self":[{"href":"https:\/\/www.fotokunst-unterweser.de\/wordpress\/wp-json\/wp\/v2\/pages\/94","targetHints":{"allow":["GET"]}}],"collection":[{"href":"https:\/\/www.fotokunst-unterweser.de\/wordpress\/wp-json\/wp\/v2\/pages"}],"about":[{"href":"https:\/\/www.fotokunst-unterweser.de\/wordpress\/wp-json\/wp\/v2\/types\/page"}],"author":[{"embeddable":true,"href":"https:\/\/www.fotokunst-unterweser.de\/wordpress\/wp-json\/wp\/v2\/users\/5"}],"replies":[{"embeddable":true,"href":"https:\/\/www.fotokunst-unterweser.de\/wordpress\/wp-json\/wp\/v2\/comments?post=94"}],"version-history":[{"count":6,"href":"https:\/\/www.fotokunst-unterweser.de\/wordpress\/wp-json\/wp\/v2\/pages\/94\/revisions"}],"predecessor-version":[{"id":733,"href":"https:\/\/www.fotokunst-unterweser.de\/wordpress\/wp-json\/wp\/v2\/pages\/94\/revisions\/733"}],"wp:attachment":[{"href":"https:\/\/www.fotokunst-unterweser.de\/wordpress\/wp-json\/wp\/v2\/media?parent=94"}],"curies":[{"name":"wp","href":"https:\/\/api.w.org\/{rel}","templated":true}]}}