{"id":875,"date":"2017-06-13T10:52:46","date_gmt":"2017-06-13T08:52:46","guid":{"rendered":"http:\/\/www.fotokunst-unterweser.de\/wordpress\/?page_id=875"},"modified":"2017-06-13T10:52:46","modified_gmt":"2017-06-13T08:52:46","slug":"rueckblende-2-seestadtfest-vom-24-28-05-2017","status":"publish","type":"page","link":"https:\/\/www.fotokunst-unterweser.de\/wordpress\/rueckblende-2-seestadtfest-vom-24-28-05-2017\/","title":{"rendered":"R\u00fcckblende &#8211; 2. SeeStadtFest vom 24.-28.05.2017"},"content":{"rendered":"<p>Vom 24. bis zum 28. Mai fand in Bremerhaven das 2. SeeStadtFest statt. Ein Mu\u00df &nbsp;f\u00fcr jeden Liebhaber maritimen Flairs. Denn es hilft, die Zeit bis zur n\u00e4chsten Sail 2020 zu verk\u00fcrzen. Und Grund genug f\u00fcr die fotokunst unterweser, sich mit den veranstaltungstypischen Motiven intensiv zu besch\u00e4ftigen. Schlie\u00dflich dauert es wieder ein Jahr, bis zum n\u00e4chsten &#8222;Event&#8220;.<\/p>\n<p>Wir haben unsere Eindr\u00fccke in einer Galerie zusammen gefasst. Viel Spa\u00df beim Betrachten und vielleicht auch beim Erinnern an das eine oder andere, bei dem man selbst dabei war.<\/p>\nngg_shortcode_0_placeholder\n","protected":false},"excerpt":{"rendered":"<p>Vom 24. bis zum 28. Mai fand in Bremerhaven das 2. SeeStadtFest statt. Ein Mu\u00df &nbsp;f\u00fcr jeden Liebhaber maritimen Flairs. Denn es hilft, die Zeit bis zur n\u00e4chsten Sail 2020 [&hellip;]<\/p>\n","protected":false},"author":5,"featured_media":0,"parent":0,"menu_order":0,"comment_status":"closed","ping_status":"closed","template":"","meta":{"ngg_post_thumbnail":0,"footnotes":""},"class_list":["post-875","page","type-page","status-publish","hentry"],"yoast_head":"<!-- This site is optimized with the Yoast SEO plugin v24.7 - https:\/\/yoast.com\/wordpress\/plugins\/seo\/ -->\n<title>R\u00fcckblende - 2. SeeStadtFest vom 24.-28.05.2017 - fotokunst unterweser<\/title>\n<meta name=\"robots\" content=\"index, follow, max-snippet:-1, max-image-preview:large, max-video-preview:-1\" \/>\n<link rel=\"canonical\" href=\"https:\/\/www.fotokunst-unterweser.de\/wordpress\/rueckblende-2-seestadtfest-vom-24-28-05-2017\/\" \/>\n<meta property=\"og:locale\" content=\"de_DE\" \/>\n<meta property=\"og:type\" content=\"article\" \/>\n<meta property=\"og:title\" content=\"R\u00fcckblende - 2. SeeStadtFest vom 24.-28.05.2017 - fotokunst unterweser\" \/>\n<meta property=\"og:description\" content=\"Vom 24. bis zum 28. Mai fand in Bremerhaven das 2. SeeStadtFest statt. Ein Mu\u00df &nbsp;f\u00fcr jeden Liebhaber maritimen Flairs. Denn es hilft, die Zeit bis zur n\u00e4chsten Sail 2020 [&hellip;]\" \/>\n<meta property=\"og:url\" content=\"https:\/\/www.fotokunst-unterweser.de\/wordpress\/rueckblende-2-seestadtfest-vom-24-28-05-2017\/\" \/>\n<meta property=\"og:site_name\" content=\"fotokunst unterweser\" \/>\n<meta property=\"article:publisher\" content=\"https:\/\/www.facebook.com\/fotokunstunterweser\/\" \/>\n<meta name=\"twitter:card\" content=\"summary_large_image\" \/>\n<meta name=\"twitter:label1\" content=\"Gesch\u00e4tzte Lesezeit\" \/>\n\t<meta name=\"twitter:data1\" content=\"1\u00a0Minute\" \/>\n<script type=\"application\/ld+json\" class=\"yoast-schema-graph\">{\"@context\":\"https:\/\/schema.org\",\"@graph\":[{\"@type\":\"WebPage\",\"@id\":\"https:\/\/www.fotokunst-unterweser.de\/wordpress\/rueckblende-2-seestadtfest-vom-24-28-05-2017\/\",\"url\":\"https:\/\/www.fotokunst-unterweser.de\/wordpress\/rueckblende-2-seestadtfest-vom-24-28-05-2017\/\",\"name\":\"R\u00fcckblende - 2. SeeStadtFest vom 24.-28.05.2017 - fotokunst unterweser\",\"isPartOf\":{\"@id\":\"https:\/\/www.fotokunst-unterweser.de\/wordpress\/#website\"},\"datePublished\":\"2017-06-13T08:52:46+00:00\",\"breadcrumb\":{\"@id\":\"https:\/\/www.fotokunst-unterweser.de\/wordpress\/rueckblende-2-seestadtfest-vom-24-28-05-2017\/#breadcrumb\"},\"inLanguage\":\"de\",\"potentialAction\":[{\"@type\":\"ReadAction\",\"target\":[\"https:\/\/www.fotokunst-unterweser.de\/wordpress\/rueckblende-2-seestadtfest-vom-24-28-05-2017\/\"]}]},{\"@type\":\"BreadcrumbList\",\"@id\":\"https:\/\/www.fotokunst-unterweser.de\/wordpress\/rueckblende-2-seestadtfest-vom-24-28-05-2017\/#breadcrumb\",\"itemListElement\":[{\"@type\":\"ListItem\",\"position\":1,\"name\":\"Startseite\",\"item\":\"https:\/\/www.fotokunst-unterweser.de\/wordpress\/\"},{\"@type\":\"ListItem\",\"position\":2,\"name\":\"R\u00fcckblende &#8211; 2. SeeStadtFest vom 24.-28.05.2017\"}]},{\"@type\":\"WebSite\",\"@id\":\"https:\/\/www.fotokunst-unterweser.de\/wordpress\/#website\",\"url\":\"https:\/\/www.fotokunst-unterweser.de\/wordpress\/\",\"name\":\"fotokunst unterweser\",\"description\":\"\",\"publisher\":{\"@id\":\"https:\/\/www.fotokunst-unterweser.de\/wordpress\/#organization\"},\"potentialAction\":[{\"@type\":\"SearchAction\",\"target\":{\"@type\":\"EntryPoint\",\"urlTemplate\":\"https:\/\/www.fotokunst-unterweser.de\/wordpress\/?s={search_term_string}\"},\"query-input\":{\"@type\":\"PropertyValueSpecification\",\"valueRequired\":true,\"valueName\":\"search_term_string\"}}],\"inLanguage\":\"de\"},{\"@type\":\"Organization\",\"@id\":\"https:\/\/www.fotokunst-unterweser.de\/wordpress\/#organization\",\"name\":\"fotokunst unterweser\",\"url\":\"https:\/\/www.fotokunst-unterweser.de\/wordpress\/\",\"logo\":{\"@type\":\"ImageObject\",\"inLanguage\":\"de\",\"@id\":\"https:\/\/www.fotokunst-unterweser.de\/wordpress\/#\/schema\/logo\/image\/\",\"url\":\"https:\/\/www.fotokunst-unterweser.de\/wordpress\/wp-content\/uploads\/2017\/02\/Logo_300px.jpg\",\"contentUrl\":\"https:\/\/www.fotokunst-unterweser.de\/wordpress\/wp-content\/uploads\/2017\/02\/Logo_300px.jpg\",\"width\":293,\"height\":124,\"caption\":\"fotokunst unterweser\"},\"image\":{\"@id\":\"https:\/\/www.fotokunst-unterweser.de\/wordpress\/#\/schema\/logo\/image\/\"},\"sameAs\":[\"https:\/\/www.facebook.com\/fotokunstunterweser\/\",\"https:\/\/www.facebook.com\/search\/top?q=fotokunstunterweser\"]}]}<\/script>\n<!-- \/ Yoast SEO plugin. -->","yoast_head_json":{"title":"R\u00fcckblende - 2. SeeStadtFest vom 24.-28.05.2017 - fotokunst unterweser","robots":{"index":"index","follow":"follow","max-snippet":"max-snippet:-1","max-image-preview":"max-image-preview:large","max-video-preview":"max-video-preview:-1"},"canonical":"https:\/\/www.fotokunst-unterweser.de\/wordpress\/rueckblende-2-seestadtfest-vom-24-28-05-2017\/","og_locale":"de_DE","og_type":"article","og_title":"R\u00fcckblende - 2. SeeStadtFest vom 24.-28.05.2017 - fotokunst unterweser","og_description":"Vom 24. bis zum 28. Mai fand in Bremerhaven das 2. SeeStadtFest statt. Ein Mu\u00df &nbsp;f\u00fcr jeden Liebhaber maritimen Flairs. Denn es hilft, die Zeit bis zur n\u00e4chsten Sail 2020 [&hellip;]","og_url":"https:\/\/www.fotokunst-unterweser.de\/wordpress\/rueckblende-2-seestadtfest-vom-24-28-05-2017\/","og_site_name":"fotokunst unterweser","article_publisher":"https:\/\/www.facebook.com\/fotokunstunterweser\/","twitter_card":"summary_large_image","twitter_misc":{"Gesch\u00e4tzte Lesezeit":"1\u00a0Minute"},"schema":{"@context":"https:\/\/schema.org","@graph":[{"@type":"WebPage","@id":"https:\/\/www.fotokunst-unterweser.de\/wordpress\/rueckblende-2-seestadtfest-vom-24-28-05-2017\/","url":"https:\/\/www.fotokunst-unterweser.de\/wordpress\/rueckblende-2-seestadtfest-vom-24-28-05-2017\/","name":"R\u00fcckblende - 2. SeeStadtFest vom 24.-28.05.2017 - fotokunst unterweser","isPartOf":{"@id":"https:\/\/www.fotokunst-unterweser.de\/wordpress\/#website"},"datePublished":"2017-06-13T08:52:46+00:00","breadcrumb":{"@id":"https:\/\/www.fotokunst-unterweser.de\/wordpress\/rueckblende-2-seestadtfest-vom-24-28-05-2017\/#breadcrumb"},"inLanguage":"de","potentialAction":[{"@type":"ReadAction","target":["https:\/\/www.fotokunst-unterweser.de\/wordpress\/rueckblende-2-seestadtfest-vom-24-28-05-2017\/"]}]},{"@type":"BreadcrumbList","@id":"https:\/\/www.fotokunst-unterweser.de\/wordpress\/rueckblende-2-seestadtfest-vom-24-28-05-2017\/#breadcrumb","itemListElement":[{"@type":"ListItem","position":1,"name":"Startseite","item":"https:\/\/www.fotokunst-unterweser.de\/wordpress\/"},{"@type":"ListItem","position":2,"name":"R\u00fcckblende &#8211; 2. SeeStadtFest vom 24.-28.05.2017"}]},{"@type":"WebSite","@id":"https:\/\/www.fotokunst-unterweser.de\/wordpress\/#website","url":"https:\/\/www.fotokunst-unterweser.de\/wordpress\/","name":"fotokunst unterweser","description":"","publisher":{"@id":"https:\/\/www.fotokunst-unterweser.de\/wordpress\/#organization"},"potentialAction":[{"@type":"SearchAction","target":{"@type":"EntryPoint","urlTemplate":"https:\/\/www.fotokunst-unterweser.de\/wordpress\/?s={search_term_string}"},"query-input":{"@type":"PropertyValueSpecification","valueRequired":true,"valueName":"search_term_string"}}],"inLanguage":"de"},{"@type":"Organization","@id":"https:\/\/www.fotokunst-unterweser.de\/wordpress\/#organization","name":"fotokunst unterweser","url":"https:\/\/www.fotokunst-unterweser.de\/wordpress\/","logo":{"@type":"ImageObject","inLanguage":"de","@id":"https:\/\/www.fotokunst-unterweser.de\/wordpress\/#\/schema\/logo\/image\/","url":"https:\/\/www.fotokunst-unterweser.de\/wordpress\/wp-content\/uploads\/2017\/02\/Logo_300px.jpg","contentUrl":"https:\/\/www.fotokunst-unterweser.de\/wordpress\/wp-content\/uploads\/2017\/02\/Logo_300px.jpg","width":293,"height":124,"caption":"fotokunst unterweser"},"image":{"@id":"https:\/\/www.fotokunst-unterweser.de\/wordpress\/#\/schema\/logo\/image\/"},"sameAs":["https:\/\/www.facebook.com\/fotokunstunterweser\/","https:\/\/www.facebook.com\/search\/top?q=fotokunstunterweser"]}]}},"_links":{"self":[{"href":"https:\/\/www.fotokunst-unterweser.de\/wordpress\/wp-json\/wp\/v2\/pages\/875","targetHints":{"allow":["GET"]}}],"collection":[{"href":"https:\/\/www.fotokunst-unterweser.de\/wordpress\/wp-json\/wp\/v2\/pages"}],"about":[{"href":"https:\/\/www.fotokunst-unterweser.de\/wordpress\/wp-json\/wp\/v2\/types\/page"}],"author":[{"embeddable":true,"href":"https:\/\/www.fotokunst-unterweser.de\/wordpress\/wp-json\/wp\/v2\/users\/5"}],"replies":[{"embeddable":true,"href":"https:\/\/www.fotokunst-unterweser.de\/wordpress\/wp-json\/wp\/v2\/comments?post=875"}],"version-history":[{"count":4,"href":"https:\/\/www.fotokunst-unterweser.de\/wordpress\/wp-json\/wp\/v2\/pages\/875\/revisions"}],"predecessor-version":[{"id":953,"href":"https:\/\/www.fotokunst-unterweser.de\/wordpress\/wp-json\/wp\/v2\/pages\/875\/revisions\/953"}],"wp:attachment":[{"href":"https:\/\/www.fotokunst-unterweser.de\/wordpress\/wp-json\/wp\/v2\/media?parent=875"}],"curies":[{"name":"wp","href":"https:\/\/api.w.org\/{rel}","templated":true}]}}