{"id":544,"date":"2017-05-04T22:50:23","date_gmt":"2017-05-04T20:50:23","guid":{"rendered":"http:\/\/www.fotokunst-unterweser.de\/wordpress\/?page_id=544"},"modified":"2020-07-08T08:51:33","modified_gmt":"2020-07-08T06:51:33","slug":"die-fotokunst-in-der-presse","status":"publish","type":"page","link":"https:\/\/www.fotokunst-unterweser.de\/wordpress\/die-fotokunst-in-der-presse\/","title":{"rendered":"Fotokunst in der Presse"},"content":{"rendered":"<div>\n<h5>Bremerhaven entdecken &#8211; NORDSEE-ZEITUNG<\/h5>\n<p><a href=\"https:\/\/www.fotokunst-unterweser.de\/wordpress\/wp-content\/uploads\/2019\/11\/DSC00492-2.jpg\" target=\"_blank\" rel=\"noopener noreferrer\">Bericht \u00fcber \u00fcber unsere Ausstellung in der NORDSEE-ZEITUNG im Oktober 2019<\/a><\/p>\n<h5>&nbsp;<\/h5>\n<h5>Magische AugenBlicke &#8211; bremerhaven.de<\/h5>\n<p><a href=\"https:\/\/www.bremerhaven.de\/de\/aktuelles\/magische-augenblicke-der-fotogruppe-fotokunst-unterweser-im-fischkai-57.59476.html\" target=\"_blank\" rel=\"noopener noreferrer\">Bericht \u00fcber unsere Ausstellung im Juli 2017<\/a><\/p>\n<p>&nbsp;<\/p>\n<h5>Magische AugenBlicke &#8211; NORDSEE-ZEITUNG<\/h5>\n<p><a href=\"https:\/\/i0.wp.com\/www.fotokunst-unterweser.de\/wordpress\/wp-content\/uploads\/2017\/07\/NZ_fotokunst_19702498_1381356635273885_631552248011047045_n.jpg\" target=\"_blank\" rel=\"noopener noreferrer\">Bericht \u00fcber \u00fcber die Ausstellungser\u00f6ffnung in der NORDSEE-ZEITUNG im Juli 2017<\/a><\/p>\n<p>&nbsp;<\/p>\n<h5>Thorsten Ernst, Sieger im Leserwettbewerb<\/h5>\n<p>Bericht \u00fcber den Leserwettbewerb der NORDSEE-ZEITUNG, Dezember 2016<\/p>\n<p>Interview im Canon FOTO-Magazin, Februar 2017<\/p>\n<p>&nbsp;<\/p>\n<h5>Uwe Peglau, Kreuzfahrtschiffs Boudicca<\/h5>\n<p>Foto in der Nordwest Zeitung online, August 2016<\/p>\n<p>&nbsp;<\/p>\n<h5>Ariane und Uwe Peglau, St. Bernhard Hospital Brake<\/h5>\n<p>Fotowettbewerb und -ausstellung, Bericht in der Nordwest-Zeitung online, August 2016<\/p>\n<p>&nbsp;<\/p>\n<h5>Ariane Peglau, Kreuzfahrtschiffs Boudicca<\/h5>\n<p>Perlen der Wesermarsch, Titelfoto Gastgeberverzeichnis Wesermarsch 2014<br \/>\nPerlen der Wesermarsch, Titelfoto Gastgeberverzeichnis Wesermarsch 2015<br \/>\nPerlen der Wesermarsch, Titelfoto Gastgeberverzeichnis Wesermarsch 2016<br \/>\nBericht jeweils in der Nordwest Zeitung online<\/p>\n<p>&nbsp;<\/p>\n<h5>Ralph Wecks, Bremerhaven monochrom &#8211; wie alles begann<\/h5>\n<p>Interview und Fotos in der Nordsee-Zeitung, November 1977<\/p>\n<\/div>\n","protected":false},"excerpt":{"rendered":"<p>Bremerhaven entdecken &#8211; NORDSEE-ZEITUNG Bericht \u00fcber \u00fcber unsere Ausstellung in der NORDSEE-ZEITUNG im Oktober 2019 &nbsp; Magische AugenBlicke &#8211; bremerhaven.de Bericht \u00fcber unsere Ausstellung im Juli 2017 &nbsp; Magische AugenBlicke [&hellip;]<\/p>\n","protected":false},"author":5,"featured_media":0,"parent":0,"menu_order":0,"comment_status":"closed","ping_status":"closed","template":"","meta":{"ngg_post_thumbnail":0,"footnotes":""},"class_list":["post-544","page","type-page","status-publish","hentry"],"yoast_head":"<!-- This site is optimized with the Yoast SEO plugin v24.7 - https:\/\/yoast.com\/wordpress\/plugins\/seo\/ -->\n<title>Fotokunst in der Presse - fotokunst unterweser<\/title>\n<meta name=\"robots\" content=\"index, follow, max-snippet:-1, max-image-preview:large, max-video-preview:-1\" \/>\n<link rel=\"canonical\" href=\"https:\/\/www.fotokunst-unterweser.de\/wordpress\/die-fotokunst-in-der-presse\/\" \/>\n<meta property=\"og:locale\" content=\"de_DE\" \/>\n<meta property=\"og:type\" content=\"article\" \/>\n<meta property=\"og:title\" content=\"Fotokunst in der Presse - fotokunst unterweser\" \/>\n<meta property=\"og:description\" content=\"Bremerhaven entdecken &#8211; NORDSEE-ZEITUNG Bericht \u00fcber \u00fcber unsere Ausstellung in der NORDSEE-ZEITUNG im Oktober 2019 &nbsp; Magische AugenBlicke &#8211; bremerhaven.de Bericht \u00fcber unsere Ausstellung im Juli 2017 &nbsp; Magische AugenBlicke [&hellip;]\" \/>\n<meta property=\"og:url\" content=\"https:\/\/www.fotokunst-unterweser.de\/wordpress\/die-fotokunst-in-der-presse\/\" \/>\n<meta property=\"og:site_name\" content=\"fotokunst unterweser\" \/>\n<meta property=\"article:publisher\" content=\"https:\/\/www.facebook.com\/fotokunstunterweser\/\" \/>\n<meta property=\"article:modified_time\" content=\"2020-07-08T06:51:33+00:00\" \/>\n<meta name=\"twitter:card\" content=\"summary_large_image\" \/>\n<meta name=\"twitter:label1\" content=\"Gesch\u00e4tzte Lesezeit\" \/>\n\t<meta name=\"twitter:data1\" content=\"1\u00a0Minute\" \/>\n<script type=\"application\/ld+json\" class=\"yoast-schema-graph\">{\"@context\":\"https:\/\/schema.org\",\"@graph\":[{\"@type\":\"WebPage\",\"@id\":\"https:\/\/www.fotokunst-unterweser.de\/wordpress\/die-fotokunst-in-der-presse\/\",\"url\":\"https:\/\/www.fotokunst-unterweser.de\/wordpress\/die-fotokunst-in-der-presse\/\",\"name\":\"Fotokunst in der Presse - fotokunst unterweser\",\"isPartOf\":{\"@id\":\"https:\/\/www.fotokunst-unterweser.de\/wordpress\/#website\"},\"datePublished\":\"2017-05-04T20:50:23+00:00\",\"dateModified\":\"2020-07-08T06:51:33+00:00\",\"breadcrumb\":{\"@id\":\"https:\/\/www.fotokunst-unterweser.de\/wordpress\/die-fotokunst-in-der-presse\/#breadcrumb\"},\"inLanguage\":\"de\",\"potentialAction\":[{\"@type\":\"ReadAction\",\"target\":[\"https:\/\/www.fotokunst-unterweser.de\/wordpress\/die-fotokunst-in-der-presse\/\"]}]},{\"@type\":\"BreadcrumbList\",\"@id\":\"https:\/\/www.fotokunst-unterweser.de\/wordpress\/die-fotokunst-in-der-presse\/#breadcrumb\",\"itemListElement\":[{\"@type\":\"ListItem\",\"position\":1,\"name\":\"Startseite\",\"item\":\"https:\/\/www.fotokunst-unterweser.de\/wordpress\/\"},{\"@type\":\"ListItem\",\"position\":2,\"name\":\"Fotokunst in der Presse\"}]},{\"@type\":\"WebSite\",\"@id\":\"https:\/\/www.fotokunst-unterweser.de\/wordpress\/#website\",\"url\":\"https:\/\/www.fotokunst-unterweser.de\/wordpress\/\",\"name\":\"fotokunst unterweser\",\"description\":\"\",\"publisher\":{\"@id\":\"https:\/\/www.fotokunst-unterweser.de\/wordpress\/#organization\"},\"potentialAction\":[{\"@type\":\"SearchAction\",\"target\":{\"@type\":\"EntryPoint\",\"urlTemplate\":\"https:\/\/www.fotokunst-unterweser.de\/wordpress\/?s={search_term_string}\"},\"query-input\":{\"@type\":\"PropertyValueSpecification\",\"valueRequired\":true,\"valueName\":\"search_term_string\"}}],\"inLanguage\":\"de\"},{\"@type\":\"Organization\",\"@id\":\"https:\/\/www.fotokunst-unterweser.de\/wordpress\/#organization\",\"name\":\"fotokunst unterweser\",\"url\":\"https:\/\/www.fotokunst-unterweser.de\/wordpress\/\",\"logo\":{\"@type\":\"ImageObject\",\"inLanguage\":\"de\",\"@id\":\"https:\/\/www.fotokunst-unterweser.de\/wordpress\/#\/schema\/logo\/image\/\",\"url\":\"https:\/\/www.fotokunst-unterweser.de\/wordpress\/wp-content\/uploads\/2017\/02\/Logo_300px.jpg\",\"contentUrl\":\"https:\/\/www.fotokunst-unterweser.de\/wordpress\/wp-content\/uploads\/2017\/02\/Logo_300px.jpg\",\"width\":293,\"height\":124,\"caption\":\"fotokunst unterweser\"},\"image\":{\"@id\":\"https:\/\/www.fotokunst-unterweser.de\/wordpress\/#\/schema\/logo\/image\/\"},\"sameAs\":[\"https:\/\/www.facebook.com\/fotokunstunterweser\/\",\"https:\/\/www.facebook.com\/search\/top?q=fotokunstunterweser\"]}]}<\/script>\n<!-- \/ Yoast SEO plugin. -->","yoast_head_json":{"title":"Fotokunst in der Presse - fotokunst unterweser","robots":{"index":"index","follow":"follow","max-snippet":"max-snippet:-1","max-image-preview":"max-image-preview:large","max-video-preview":"max-video-preview:-1"},"canonical":"https:\/\/www.fotokunst-unterweser.de\/wordpress\/die-fotokunst-in-der-presse\/","og_locale":"de_DE","og_type":"article","og_title":"Fotokunst in der Presse - fotokunst unterweser","og_description":"Bremerhaven entdecken &#8211; NORDSEE-ZEITUNG Bericht \u00fcber \u00fcber unsere Ausstellung in der NORDSEE-ZEITUNG im Oktober 2019 &nbsp; Magische AugenBlicke &#8211; bremerhaven.de Bericht \u00fcber unsere Ausstellung im Juli 2017 &nbsp; Magische AugenBlicke [&hellip;]","og_url":"https:\/\/www.fotokunst-unterweser.de\/wordpress\/die-fotokunst-in-der-presse\/","og_site_name":"fotokunst unterweser","article_publisher":"https:\/\/www.facebook.com\/fotokunstunterweser\/","article_modified_time":"2020-07-08T06:51:33+00:00","twitter_card":"summary_large_image","twitter_misc":{"Gesch\u00e4tzte Lesezeit":"1\u00a0Minute"},"schema":{"@context":"https:\/\/schema.org","@graph":[{"@type":"WebPage","@id":"https:\/\/www.fotokunst-unterweser.de\/wordpress\/die-fotokunst-in-der-presse\/","url":"https:\/\/www.fotokunst-unterweser.de\/wordpress\/die-fotokunst-in-der-presse\/","name":"Fotokunst in der Presse - fotokunst unterweser","isPartOf":{"@id":"https:\/\/www.fotokunst-unterweser.de\/wordpress\/#website"},"datePublished":"2017-05-04T20:50:23+00:00","dateModified":"2020-07-08T06:51:33+00:00","breadcrumb":{"@id":"https:\/\/www.fotokunst-unterweser.de\/wordpress\/die-fotokunst-in-der-presse\/#breadcrumb"},"inLanguage":"de","potentialAction":[{"@type":"ReadAction","target":["https:\/\/www.fotokunst-unterweser.de\/wordpress\/die-fotokunst-in-der-presse\/"]}]},{"@type":"BreadcrumbList","@id":"https:\/\/www.fotokunst-unterweser.de\/wordpress\/die-fotokunst-in-der-presse\/#breadcrumb","itemListElement":[{"@type":"ListItem","position":1,"name":"Startseite","item":"https:\/\/www.fotokunst-unterweser.de\/wordpress\/"},{"@type":"ListItem","position":2,"name":"Fotokunst in der Presse"}]},{"@type":"WebSite","@id":"https:\/\/www.fotokunst-unterweser.de\/wordpress\/#website","url":"https:\/\/www.fotokunst-unterweser.de\/wordpress\/","name":"fotokunst unterweser","description":"","publisher":{"@id":"https:\/\/www.fotokunst-unterweser.de\/wordpress\/#organization"},"potentialAction":[{"@type":"SearchAction","target":{"@type":"EntryPoint","urlTemplate":"https:\/\/www.fotokunst-unterweser.de\/wordpress\/?s={search_term_string}"},"query-input":{"@type":"PropertyValueSpecification","valueRequired":true,"valueName":"search_term_string"}}],"inLanguage":"de"},{"@type":"Organization","@id":"https:\/\/www.fotokunst-unterweser.de\/wordpress\/#organization","name":"fotokunst unterweser","url":"https:\/\/www.fotokunst-unterweser.de\/wordpress\/","logo":{"@type":"ImageObject","inLanguage":"de","@id":"https:\/\/www.fotokunst-unterweser.de\/wordpress\/#\/schema\/logo\/image\/","url":"https:\/\/www.fotokunst-unterweser.de\/wordpress\/wp-content\/uploads\/2017\/02\/Logo_300px.jpg","contentUrl":"https:\/\/www.fotokunst-unterweser.de\/wordpress\/wp-content\/uploads\/2017\/02\/Logo_300px.jpg","width":293,"height":124,"caption":"fotokunst unterweser"},"image":{"@id":"https:\/\/www.fotokunst-unterweser.de\/wordpress\/#\/schema\/logo\/image\/"},"sameAs":["https:\/\/www.facebook.com\/fotokunstunterweser\/","https:\/\/www.facebook.com\/search\/top?q=fotokunstunterweser"]}]}},"_links":{"self":[{"href":"https:\/\/www.fotokunst-unterweser.de\/wordpress\/wp-json\/wp\/v2\/pages\/544","targetHints":{"allow":["GET"]}}],"collection":[{"href":"https:\/\/www.fotokunst-unterweser.de\/wordpress\/wp-json\/wp\/v2\/pages"}],"about":[{"href":"https:\/\/www.fotokunst-unterweser.de\/wordpress\/wp-json\/wp\/v2\/types\/page"}],"author":[{"embeddable":true,"href":"https:\/\/www.fotokunst-unterweser.de\/wordpress\/wp-json\/wp\/v2\/users\/5"}],"replies":[{"embeddable":true,"href":"https:\/\/www.fotokunst-unterweser.de\/wordpress\/wp-json\/wp\/v2\/comments?post=544"}],"version-history":[{"count":20,"href":"https:\/\/www.fotokunst-unterweser.de\/wordpress\/wp-json\/wp\/v2\/pages\/544\/revisions"}],"predecessor-version":[{"id":1294,"href":"https:\/\/www.fotokunst-unterweser.de\/wordpress\/wp-json\/wp\/v2\/pages\/544\/revisions\/1294"}],"wp:attachment":[{"href":"https:\/\/www.fotokunst-unterweser.de\/wordpress\/wp-json\/wp\/v2\/media?parent=544"}],"curies":[{"name":"wp","href":"https:\/\/api.w.org\/{rel}","templated":true}]}}