{"id":542,"date":"2017-05-04T22:49:41","date_gmt":"2017-05-04T20:49:41","guid":{"rendered":"http:\/\/www.fotokunst-unterweser.de\/wordpress\/?page_id=542"},"modified":"2017-06-19T15:03:39","modified_gmt":"2017-06-19T13:03:39","slug":"informationsmaterial","status":"publish","type":"page","link":"https:\/\/www.fotokunst-unterweser.de\/wordpress\/informationsmaterial\/","title":{"rendered":"Informationsmaterial"},"content":{"rendered":"<div>\n<h3>Grafiken<\/h3>\n<p><a href=\"https:\/\/www.fotokunst-unterweser.de\/wordpress\/wp-content\/uploads\/2017\/02\/Logo_300px.jpg\"><img loading=\"lazy\" decoding=\"async\" class=\"alignleft size-full wp-image-9\" src=\"https:\/\/www.fotokunst-unterweser.de\/wordpress\/wp-content\/uploads\/2017\/02\/Logo_300px.jpg\" alt=\"\" width=\"293\" height=\"124\"><\/a><\/p>\n<p>&nbsp;<\/p>\n<p style=\"text-align: right;\">[download id=&#8220;978&#8243; template=&#8220;image&#8220;]<\/p>\n<\/div>\n<p>&nbsp;<\/p>\n<p>&nbsp;<\/p>\n<p>&nbsp;<\/p>\n<div>\n<p><a href=\"https:\/\/www.fotokunst-unterweser.de\/wordpress\/wp-content\/uploads\/2017\/05\/Plakat-Entwurf-Final_web.jpg\"><img loading=\"lazy\" decoding=\"async\" class=\"alignleft size-medium wp-image-762\" src=\"https:\/\/www.fotokunst-unterweser.de\/wordpress\/wp-content\/uploads\/2017\/05\/Plakat-Entwurf-Final_web-200x300.jpg\" alt=\"\" width=\"200\" height=\"300\" srcset=\"https:\/\/www.fotokunst-unterweser.de\/wordpress\/wp-content\/uploads\/2017\/05\/Plakat-Entwurf-Final_web-200x300.jpg 200w, https:\/\/www.fotokunst-unterweser.de\/wordpress\/wp-content\/uploads\/2017\/05\/Plakat-Entwurf-Final_web-683x1024.jpg 683w, https:\/\/www.fotokunst-unterweser.de\/wordpress\/wp-content\/uploads\/2017\/05\/Plakat-Entwurf-Final_web.jpg 720w\" sizes=\"auto, (max-width: 200px) 100vw, 200px\" \/><\/a><\/p>\n<p>&nbsp;<\/p>\n<p style=\"text-align: right;\">&nbsp; &nbsp; &nbsp; &nbsp; &nbsp;[download id=&#8220;971&#8243; template=&#8220;image&#8220;]<\/p>\n<h3>&nbsp;<\/h3>\n<h3>fotokunst unterweser und Ausstellung &#8222;Magische AugenBlicke&#8220; kompakt<\/h3>\n<p>Auf Initiative von Alinda Heinrichs fanden 11 begeisterte Hobby-Fotografen aus der Region in der \u201efotokunst unterweser\u201c zusammen. Im Fokus des Projektes stehen pers\u00f6nliche und individuelle Ein- und Ausblicke auf Motive beidseits der Unterweser.<\/p>\n<p>Im Juli 2017 ist es nun so weit. Die &#8222;fotokunst unterweser&#8220; stellt unter dem Motto &#8222;Magische AugenBlicke&#8220; im Fischkai57, dem Kultur- &amp; Kreativzentrum im Fischereihafen (Bremerhaven), aus. Die individuelle Interpretation des Themas durch die einzelnen Mitglieder gibt der Ausstellung ihr Gesicht. Dabei eint alle Fotografen der etwas andere Blick auf die Dinge und die etwas andere Interpretation des Gesehenen. Alle Fotok\u00fcnstler verdeutlichen in ihren Arbeiten den intensiven Bezug zum Raum Unterweser. Die Ausstellung wird am 01.07. mit einer Vernissage er\u00f6ffnet. Interessierte sind dazu herzlich eingeladen. Die Ausstellung endet am 31.07.2017 und kann w\u00e4hrend der \u00d6ffnungszeiten des Fischkai57 (Dienstag \u2013 Sonntag, 12:30-19:00 Uhr) besucht werden. Der Eintritt ist frei. Weitere Informationen finden Sie auf <a href=\"http:\/\/www.fotokunst-unterweser.de\">www.fotokunst-unterweser.de<\/a> und <a href=\"http:\/\/www.fischkai57.de\">www.fischkai57.de<\/a>.<\/p>\n<h3>Ausstellung Magische AugenBlicke<\/h3>\n<p>Im Juli 2017 ist es so weit. Das Projekt &#8222;fotokunst unterweser&#8220; stellt unter dem Motto &#8222;Magische AugenBlicke&#8220; im Fischkai57, dem Kultur- &amp; Kreativzentrum im Fischereihafen von Bremerhaven, aus. Hinter dem Projekt stehen 11 Fotografen aus der Unterweser-Region, die auf Initiative von Alinda Heinrichs zusammenfanden und die ein gemeinsames fotografisches Thema eint: Die typischen Motive der Region von Bremen bis Cuxhaven.<\/p>\n<p>Die individuelle Interpretation dieses Themas gibt der Ausstellung ihr Gesicht. Ob Tages- oder Nachtlicht, Frosch- oder Adlerperspektive, \u00dcbersicht oder Detail, jedes Bild zeigt eine etwas andere Interpretation des Gesehenen. Alle Fotok\u00fcnstler verdeutlichen mit ihren Arbeiten den intensiven Bezug zur Unterweser-Region und zeigen ihre Motive aus oft ungewohntem Blickwinkel.<\/p>\n<p>Die Ausstellung wird am 01.07. mit einer Vernissage er\u00f6ffnet und endet am 31.07.2017. Sie kann w\u00e4hrend der \u00d6ffnungszeiten des Fischkai57, Dienstag bis Sonntag, jeweils von 12:30 bis 19:00 Uhr, besucht werden. Der Eintritt ist frei. Weitere Informationen finden Sie auf <a href=\"https:\/\/www.fotokunst-unterweser.de\/wordpress\/magische-augenblicke-ausstellung-vom-01-31-07-2017\/\">www.fotokunst-unterweser.de<\/a>.<\/p>\n<\/div>\n<div>\n<h3>fotokunst unterweser<\/h3>\n<p>Im Juni 2016 hatte Alinda Heinrichs die Idee, mit ihren \u201edigitalen\u201c Fotofreunden den Schritt in die analoge Welt zu gehen und eine Ausstellung zu organisieren. Durch diese Anregung haben sich 11 Fotofreunde, die sich allesamt aus dem sozialen Netzwerk und seinen Gruppen kennen, zum Projekt fotokunst unterweser zusammen gefunden. Das \u201eanaloge\u201c Einzugsgebiet der Gruppe ist die Unterweser-Region mit dem Schwerpunkt Bremerhaven. Das k\u00fcnstlerische Einzugsgebiet reicht dagegen \u201evon bis\u201c.<\/p>\n<p>Was uns eint, ist der individuelle Blick. Jeder von uns sieht im gleichen Motiv etwas anderes, arbeitet seine Sicht der Dinge heraus, l\u00e4dt zum Verweilen und Anschauen ein \u2013 und manchmal auch zum Nachdenken.<\/p>\n<\/div>\n","protected":false},"excerpt":{"rendered":"<p>Grafiken &nbsp; [download id=&#8220;978&#8243; template=&#8220;image&#8220;] &nbsp; &nbsp; &nbsp; &nbsp; &nbsp; &nbsp; &nbsp; &nbsp; &nbsp;[download id=&#8220;971&#8243; template=&#8220;image&#8220;] &nbsp; fotokunst unterweser und Ausstellung &#8222;Magische AugenBlicke&#8220; kompakt Auf Initiative von Alinda Heinrichs fanden [&hellip;]<\/p>\n","protected":false},"author":5,"featured_media":0,"parent":0,"menu_order":0,"comment_status":"closed","ping_status":"closed","template":"","meta":{"ngg_post_thumbnail":0,"footnotes":""},"class_list":["post-542","page","type-page","status-publish","hentry"],"yoast_head":"<!-- This site is optimized with the Yoast SEO plugin v24.7 - https:\/\/yoast.com\/wordpress\/plugins\/seo\/ -->\n<title>Informationsmaterial - fotokunst unterweser<\/title>\n<meta name=\"robots\" content=\"index, follow, max-snippet:-1, max-image-preview:large, max-video-preview:-1\" \/>\n<link rel=\"canonical\" href=\"https:\/\/www.fotokunst-unterweser.de\/wordpress\/informationsmaterial\/\" \/>\n<meta property=\"og:locale\" content=\"de_DE\" \/>\n<meta property=\"og:type\" content=\"article\" \/>\n<meta property=\"og:title\" content=\"Informationsmaterial - fotokunst unterweser\" \/>\n<meta property=\"og:description\" content=\"Grafiken &nbsp; [download id=&#8220;978&#8243; template=&#8220;image&#8220;] &nbsp; &nbsp; &nbsp; &nbsp; &nbsp; &nbsp; &nbsp; &nbsp; &nbsp;[download id=&#8220;971&#8243; template=&#8220;image&#8220;] &nbsp; fotokunst unterweser und Ausstellung &#8222;Magische AugenBlicke&#8220; kompakt Auf Initiative von Alinda Heinrichs fanden [&hellip;]\" \/>\n<meta property=\"og:url\" content=\"https:\/\/www.fotokunst-unterweser.de\/wordpress\/informationsmaterial\/\" \/>\n<meta property=\"og:site_name\" content=\"fotokunst unterweser\" \/>\n<meta property=\"article:publisher\" content=\"https:\/\/www.facebook.com\/fotokunstunterweser\/\" \/>\n<meta property=\"article:modified_time\" content=\"2017-06-19T13:03:39+00:00\" \/>\n<meta property=\"og:image\" content=\"http:\/\/www.fotokunst-unterweser.de\/wordpress\/wp-content\/uploads\/2017\/02\/Logo_300px.jpg\" \/>\n<meta name=\"twitter:card\" content=\"summary_large_image\" \/>\n<meta name=\"twitter:label1\" content=\"Gesch\u00e4tzte Lesezeit\" \/>\n\t<meta name=\"twitter:data1\" content=\"2\u00a0Minuten\" \/>\n<script type=\"application\/ld+json\" class=\"yoast-schema-graph\">{\"@context\":\"https:\/\/schema.org\",\"@graph\":[{\"@type\":\"WebPage\",\"@id\":\"https:\/\/www.fotokunst-unterweser.de\/wordpress\/informationsmaterial\/\",\"url\":\"https:\/\/www.fotokunst-unterweser.de\/wordpress\/informationsmaterial\/\",\"name\":\"Informationsmaterial - fotokunst unterweser\",\"isPartOf\":{\"@id\":\"https:\/\/www.fotokunst-unterweser.de\/wordpress\/#website\"},\"primaryImageOfPage\":{\"@id\":\"https:\/\/www.fotokunst-unterweser.de\/wordpress\/informationsmaterial\/#primaryimage\"},\"image\":{\"@id\":\"https:\/\/www.fotokunst-unterweser.de\/wordpress\/informationsmaterial\/#primaryimage\"},\"thumbnailUrl\":\"http:\/\/www.fotokunst-unterweser.de\/wordpress\/wp-content\/uploads\/2017\/02\/Logo_300px.jpg\",\"datePublished\":\"2017-05-04T20:49:41+00:00\",\"dateModified\":\"2017-06-19T13:03:39+00:00\",\"breadcrumb\":{\"@id\":\"https:\/\/www.fotokunst-unterweser.de\/wordpress\/informationsmaterial\/#breadcrumb\"},\"inLanguage\":\"de\",\"potentialAction\":[{\"@type\":\"ReadAction\",\"target\":[\"https:\/\/www.fotokunst-unterweser.de\/wordpress\/informationsmaterial\/\"]}]},{\"@type\":\"ImageObject\",\"inLanguage\":\"de\",\"@id\":\"https:\/\/www.fotokunst-unterweser.de\/wordpress\/informationsmaterial\/#primaryimage\",\"url\":\"http:\/\/www.fotokunst-unterweser.de\/wordpress\/wp-content\/uploads\/2017\/02\/Logo_300px.jpg\",\"contentUrl\":\"http:\/\/www.fotokunst-unterweser.de\/wordpress\/wp-content\/uploads\/2017\/02\/Logo_300px.jpg\"},{\"@type\":\"BreadcrumbList\",\"@id\":\"https:\/\/www.fotokunst-unterweser.de\/wordpress\/informationsmaterial\/#breadcrumb\",\"itemListElement\":[{\"@type\":\"ListItem\",\"position\":1,\"name\":\"Startseite\",\"item\":\"https:\/\/www.fotokunst-unterweser.de\/wordpress\/\"},{\"@type\":\"ListItem\",\"position\":2,\"name\":\"Informationsmaterial\"}]},{\"@type\":\"WebSite\",\"@id\":\"https:\/\/www.fotokunst-unterweser.de\/wordpress\/#website\",\"url\":\"https:\/\/www.fotokunst-unterweser.de\/wordpress\/\",\"name\":\"fotokunst unterweser\",\"description\":\"\",\"publisher\":{\"@id\":\"https:\/\/www.fotokunst-unterweser.de\/wordpress\/#organization\"},\"potentialAction\":[{\"@type\":\"SearchAction\",\"target\":{\"@type\":\"EntryPoint\",\"urlTemplate\":\"https:\/\/www.fotokunst-unterweser.de\/wordpress\/?s={search_term_string}\"},\"query-input\":{\"@type\":\"PropertyValueSpecification\",\"valueRequired\":true,\"valueName\":\"search_term_string\"}}],\"inLanguage\":\"de\"},{\"@type\":\"Organization\",\"@id\":\"https:\/\/www.fotokunst-unterweser.de\/wordpress\/#organization\",\"name\":\"fotokunst unterweser\",\"url\":\"https:\/\/www.fotokunst-unterweser.de\/wordpress\/\",\"logo\":{\"@type\":\"ImageObject\",\"inLanguage\":\"de\",\"@id\":\"https:\/\/www.fotokunst-unterweser.de\/wordpress\/#\/schema\/logo\/image\/\",\"url\":\"https:\/\/www.fotokunst-unterweser.de\/wordpress\/wp-content\/uploads\/2017\/02\/Logo_300px.jpg\",\"contentUrl\":\"https:\/\/www.fotokunst-unterweser.de\/wordpress\/wp-content\/uploads\/2017\/02\/Logo_300px.jpg\",\"width\":293,\"height\":124,\"caption\":\"fotokunst unterweser\"},\"image\":{\"@id\":\"https:\/\/www.fotokunst-unterweser.de\/wordpress\/#\/schema\/logo\/image\/\"},\"sameAs\":[\"https:\/\/www.facebook.com\/fotokunstunterweser\/\",\"https:\/\/www.facebook.com\/search\/top?q=fotokunstunterweser\"]}]}<\/script>\n<!-- \/ Yoast SEO plugin. -->","yoast_head_json":{"title":"Informationsmaterial - fotokunst unterweser","robots":{"index":"index","follow":"follow","max-snippet":"max-snippet:-1","max-image-preview":"max-image-preview:large","max-video-preview":"max-video-preview:-1"},"canonical":"https:\/\/www.fotokunst-unterweser.de\/wordpress\/informationsmaterial\/","og_locale":"de_DE","og_type":"article","og_title":"Informationsmaterial - fotokunst unterweser","og_description":"Grafiken &nbsp; [download id=&#8220;978&#8243; template=&#8220;image&#8220;] &nbsp; &nbsp; &nbsp; &nbsp; &nbsp; &nbsp; &nbsp; &nbsp; &nbsp;[download id=&#8220;971&#8243; template=&#8220;image&#8220;] &nbsp; fotokunst unterweser und Ausstellung &#8222;Magische AugenBlicke&#8220; kompakt Auf Initiative von Alinda Heinrichs fanden [&hellip;]","og_url":"https:\/\/www.fotokunst-unterweser.de\/wordpress\/informationsmaterial\/","og_site_name":"fotokunst unterweser","article_publisher":"https:\/\/www.facebook.com\/fotokunstunterweser\/","article_modified_time":"2017-06-19T13:03:39+00:00","og_image":[{"url":"http:\/\/www.fotokunst-unterweser.de\/wordpress\/wp-content\/uploads\/2017\/02\/Logo_300px.jpg","type":"","width":"","height":""}],"twitter_card":"summary_large_image","twitter_misc":{"Gesch\u00e4tzte Lesezeit":"2\u00a0Minuten"},"schema":{"@context":"https:\/\/schema.org","@graph":[{"@type":"WebPage","@id":"https:\/\/www.fotokunst-unterweser.de\/wordpress\/informationsmaterial\/","url":"https:\/\/www.fotokunst-unterweser.de\/wordpress\/informationsmaterial\/","name":"Informationsmaterial - fotokunst unterweser","isPartOf":{"@id":"https:\/\/www.fotokunst-unterweser.de\/wordpress\/#website"},"primaryImageOfPage":{"@id":"https:\/\/www.fotokunst-unterweser.de\/wordpress\/informationsmaterial\/#primaryimage"},"image":{"@id":"https:\/\/www.fotokunst-unterweser.de\/wordpress\/informationsmaterial\/#primaryimage"},"thumbnailUrl":"http:\/\/www.fotokunst-unterweser.de\/wordpress\/wp-content\/uploads\/2017\/02\/Logo_300px.jpg","datePublished":"2017-05-04T20:49:41+00:00","dateModified":"2017-06-19T13:03:39+00:00","breadcrumb":{"@id":"https:\/\/www.fotokunst-unterweser.de\/wordpress\/informationsmaterial\/#breadcrumb"},"inLanguage":"de","potentialAction":[{"@type":"ReadAction","target":["https:\/\/www.fotokunst-unterweser.de\/wordpress\/informationsmaterial\/"]}]},{"@type":"ImageObject","inLanguage":"de","@id":"https:\/\/www.fotokunst-unterweser.de\/wordpress\/informationsmaterial\/#primaryimage","url":"http:\/\/www.fotokunst-unterweser.de\/wordpress\/wp-content\/uploads\/2017\/02\/Logo_300px.jpg","contentUrl":"http:\/\/www.fotokunst-unterweser.de\/wordpress\/wp-content\/uploads\/2017\/02\/Logo_300px.jpg"},{"@type":"BreadcrumbList","@id":"https:\/\/www.fotokunst-unterweser.de\/wordpress\/informationsmaterial\/#breadcrumb","itemListElement":[{"@type":"ListItem","position":1,"name":"Startseite","item":"https:\/\/www.fotokunst-unterweser.de\/wordpress\/"},{"@type":"ListItem","position":2,"name":"Informationsmaterial"}]},{"@type":"WebSite","@id":"https:\/\/www.fotokunst-unterweser.de\/wordpress\/#website","url":"https:\/\/www.fotokunst-unterweser.de\/wordpress\/","name":"fotokunst unterweser","description":"","publisher":{"@id":"https:\/\/www.fotokunst-unterweser.de\/wordpress\/#organization"},"potentialAction":[{"@type":"SearchAction","target":{"@type":"EntryPoint","urlTemplate":"https:\/\/www.fotokunst-unterweser.de\/wordpress\/?s={search_term_string}"},"query-input":{"@type":"PropertyValueSpecification","valueRequired":true,"valueName":"search_term_string"}}],"inLanguage":"de"},{"@type":"Organization","@id":"https:\/\/www.fotokunst-unterweser.de\/wordpress\/#organization","name":"fotokunst unterweser","url":"https:\/\/www.fotokunst-unterweser.de\/wordpress\/","logo":{"@type":"ImageObject","inLanguage":"de","@id":"https:\/\/www.fotokunst-unterweser.de\/wordpress\/#\/schema\/logo\/image\/","url":"https:\/\/www.fotokunst-unterweser.de\/wordpress\/wp-content\/uploads\/2017\/02\/Logo_300px.jpg","contentUrl":"https:\/\/www.fotokunst-unterweser.de\/wordpress\/wp-content\/uploads\/2017\/02\/Logo_300px.jpg","width":293,"height":124,"caption":"fotokunst unterweser"},"image":{"@id":"https:\/\/www.fotokunst-unterweser.de\/wordpress\/#\/schema\/logo\/image\/"},"sameAs":["https:\/\/www.facebook.com\/fotokunstunterweser\/","https:\/\/www.facebook.com\/search\/top?q=fotokunstunterweser"]}]}},"_links":{"self":[{"href":"https:\/\/www.fotokunst-unterweser.de\/wordpress\/wp-json\/wp\/v2\/pages\/542","targetHints":{"allow":["GET"]}}],"collection":[{"href":"https:\/\/www.fotokunst-unterweser.de\/wordpress\/wp-json\/wp\/v2\/pages"}],"about":[{"href":"https:\/\/www.fotokunst-unterweser.de\/wordpress\/wp-json\/wp\/v2\/types\/page"}],"author":[{"embeddable":true,"href":"https:\/\/www.fotokunst-unterweser.de\/wordpress\/wp-json\/wp\/v2\/users\/5"}],"replies":[{"embeddable":true,"href":"https:\/\/www.fotokunst-unterweser.de\/wordpress\/wp-json\/wp\/v2\/comments?post=542"}],"version-history":[{"count":25,"href":"https:\/\/www.fotokunst-unterweser.de\/wordpress\/wp-json\/wp\/v2\/pages\/542\/revisions"}],"predecessor-version":[{"id":986,"href":"https:\/\/www.fotokunst-unterweser.de\/wordpress\/wp-json\/wp\/v2\/pages\/542\/revisions\/986"}],"wp:attachment":[{"href":"https:\/\/www.fotokunst-unterweser.de\/wordpress\/wp-json\/wp\/v2\/media?parent=542"}],"curies":[{"name":"wp","href":"https:\/\/api.w.org\/{rel}","templated":true}]}}