{"id":247,"date":"2017-04-19T16:00:43","date_gmt":"2017-04-19T14:00:43","guid":{"rendered":"http:\/\/www.fotokunst-unterweser.de\/wordpress\/?page_id=247"},"modified":"2017-05-18T18:47:48","modified_gmt":"2017-05-18T16:47:48","slug":"uwe-peglau","status":"publish","type":"page","link":"https:\/\/www.fotokunst-unterweser.de\/wordpress\/uwe-peglau\/","title":{"rendered":"Uwe Peglau"},"content":{"rendered":"<h3>Hobbyfotograf aus der Wesermarsch<\/h3>\n<p>Seit ich angefangen habe zu fotografieren, sehe ich die Welt mit anderen Augen. Ich gehe wachsamer und aufmerksamer durch meine Umwelt und freue mich \u00fcber die Sch\u00f6nheit der Kleinigkeiten , die man sonst oft \u00fcbersieht.<\/p>\n<p><\/p>\n<p>Mehr von mir gibt es hier in der <a href=\"https:\/\/www.fotokunst-unterweser.de\/wordpress\/uwe-peglau-fotos\/\" target=\"_blank\">Galerie<\/a>, auf <a href=\"http:\/\/www.instagram.com\/uwepeglau\">Instagram<\/a>, in der <a href=\"http:\/\/www.fotocommunity.de\/fotograf\/uwe56\/1836268\">Fotocommunity<\/a> oder auf meiner Fotoseite auf <a href=\"https:\/\/www.facebook.com\/Fotos-by-UweP-1018918751522523\/\" target=\"_blank\">Facebook<\/a>.<\/p>\n","protected":false},"excerpt":{"rendered":"<p>Hobbyfotograf aus der Wesermarsch Seit ich angefangen habe zu fotografieren, sehe ich die Welt mit anderen Augen. Ich gehe wachsamer und aufmerksamer durch meine Umwelt und freue mich \u00fcber die [&hellip;]<\/p>\n","protected":false},"author":5,"featured_media":0,"parent":0,"menu_order":0,"comment_status":"closed","ping_status":"closed","template":"","meta":{"ngg_post_thumbnail":0,"footnotes":""},"class_list":["post-247","page","type-page","status-publish","hentry"],"yoast_head":"<!-- This site is optimized with the Yoast SEO plugin v24.7 - https:\/\/yoast.com\/wordpress\/plugins\/seo\/ -->\n<title>Uwe Peglau - fotokunst unterweser<\/title>\n<meta name=\"robots\" content=\"index, follow, max-snippet:-1, max-image-preview:large, max-video-preview:-1\" \/>\n<link rel=\"canonical\" href=\"https:\/\/www.fotokunst-unterweser.de\/wordpress\/uwe-peglau\/\" \/>\n<meta property=\"og:locale\" content=\"de_DE\" \/>\n<meta property=\"og:type\" content=\"article\" \/>\n<meta property=\"og:title\" content=\"Uwe Peglau - fotokunst unterweser\" \/>\n<meta property=\"og:description\" content=\"Hobbyfotograf aus der Wesermarsch Seit ich angefangen habe zu fotografieren, sehe ich die Welt mit anderen Augen. Ich gehe wachsamer und aufmerksamer durch meine Umwelt und freue mich \u00fcber die [&hellip;]\" \/>\n<meta property=\"og:url\" content=\"https:\/\/www.fotokunst-unterweser.de\/wordpress\/uwe-peglau\/\" \/>\n<meta property=\"og:site_name\" content=\"fotokunst unterweser\" \/>\n<meta property=\"article:publisher\" content=\"https:\/\/www.facebook.com\/fotokunstunterweser\/\" \/>\n<meta property=\"article:modified_time\" content=\"2017-05-18T16:47:48+00:00\" \/>\n<meta name=\"twitter:card\" content=\"summary_large_image\" \/>\n<script type=\"application\/ld+json\" class=\"yoast-schema-graph\">{\"@context\":\"https:\/\/schema.org\",\"@graph\":[{\"@type\":\"WebPage\",\"@id\":\"https:\/\/www.fotokunst-unterweser.de\/wordpress\/uwe-peglau\/\",\"url\":\"https:\/\/www.fotokunst-unterweser.de\/wordpress\/uwe-peglau\/\",\"name\":\"Uwe Peglau - fotokunst unterweser\",\"isPartOf\":{\"@id\":\"https:\/\/www.fotokunst-unterweser.de\/wordpress\/#website\"},\"datePublished\":\"2017-04-19T14:00:43+00:00\",\"dateModified\":\"2017-05-18T16:47:48+00:00\",\"breadcrumb\":{\"@id\":\"https:\/\/www.fotokunst-unterweser.de\/wordpress\/uwe-peglau\/#breadcrumb\"},\"inLanguage\":\"de\",\"potentialAction\":[{\"@type\":\"ReadAction\",\"target\":[\"https:\/\/www.fotokunst-unterweser.de\/wordpress\/uwe-peglau\/\"]}]},{\"@type\":\"BreadcrumbList\",\"@id\":\"https:\/\/www.fotokunst-unterweser.de\/wordpress\/uwe-peglau\/#breadcrumb\",\"itemListElement\":[{\"@type\":\"ListItem\",\"position\":1,\"name\":\"Startseite\",\"item\":\"https:\/\/www.fotokunst-unterweser.de\/wordpress\/\"},{\"@type\":\"ListItem\",\"position\":2,\"name\":\"Uwe Peglau\"}]},{\"@type\":\"WebSite\",\"@id\":\"https:\/\/www.fotokunst-unterweser.de\/wordpress\/#website\",\"url\":\"https:\/\/www.fotokunst-unterweser.de\/wordpress\/\",\"name\":\"fotokunst unterweser\",\"description\":\"\",\"publisher\":{\"@id\":\"https:\/\/www.fotokunst-unterweser.de\/wordpress\/#organization\"},\"potentialAction\":[{\"@type\":\"SearchAction\",\"target\":{\"@type\":\"EntryPoint\",\"urlTemplate\":\"https:\/\/www.fotokunst-unterweser.de\/wordpress\/?s={search_term_string}\"},\"query-input\":{\"@type\":\"PropertyValueSpecification\",\"valueRequired\":true,\"valueName\":\"search_term_string\"}}],\"inLanguage\":\"de\"},{\"@type\":\"Organization\",\"@id\":\"https:\/\/www.fotokunst-unterweser.de\/wordpress\/#organization\",\"name\":\"fotokunst unterweser\",\"url\":\"https:\/\/www.fotokunst-unterweser.de\/wordpress\/\",\"logo\":{\"@type\":\"ImageObject\",\"inLanguage\":\"de\",\"@id\":\"https:\/\/www.fotokunst-unterweser.de\/wordpress\/#\/schema\/logo\/image\/\",\"url\":\"https:\/\/www.fotokunst-unterweser.de\/wordpress\/wp-content\/uploads\/2017\/02\/Logo_300px.jpg\",\"contentUrl\":\"https:\/\/www.fotokunst-unterweser.de\/wordpress\/wp-content\/uploads\/2017\/02\/Logo_300px.jpg\",\"width\":293,\"height\":124,\"caption\":\"fotokunst unterweser\"},\"image\":{\"@id\":\"https:\/\/www.fotokunst-unterweser.de\/wordpress\/#\/schema\/logo\/image\/\"},\"sameAs\":[\"https:\/\/www.facebook.com\/fotokunstunterweser\/\",\"https:\/\/www.facebook.com\/search\/top?q=fotokunstunterweser\"]}]}<\/script>\n<!-- \/ Yoast SEO plugin. -->","yoast_head_json":{"title":"Uwe Peglau - fotokunst unterweser","robots":{"index":"index","follow":"follow","max-snippet":"max-snippet:-1","max-image-preview":"max-image-preview:large","max-video-preview":"max-video-preview:-1"},"canonical":"https:\/\/www.fotokunst-unterweser.de\/wordpress\/uwe-peglau\/","og_locale":"de_DE","og_type":"article","og_title":"Uwe Peglau - fotokunst unterweser","og_description":"Hobbyfotograf aus der Wesermarsch Seit ich angefangen habe zu fotografieren, sehe ich die Welt mit anderen Augen. Ich gehe wachsamer und aufmerksamer durch meine Umwelt und freue mich \u00fcber die [&hellip;]","og_url":"https:\/\/www.fotokunst-unterweser.de\/wordpress\/uwe-peglau\/","og_site_name":"fotokunst unterweser","article_publisher":"https:\/\/www.facebook.com\/fotokunstunterweser\/","article_modified_time":"2017-05-18T16:47:48+00:00","twitter_card":"summary_large_image","schema":{"@context":"https:\/\/schema.org","@graph":[{"@type":"WebPage","@id":"https:\/\/www.fotokunst-unterweser.de\/wordpress\/uwe-peglau\/","url":"https:\/\/www.fotokunst-unterweser.de\/wordpress\/uwe-peglau\/","name":"Uwe Peglau - fotokunst unterweser","isPartOf":{"@id":"https:\/\/www.fotokunst-unterweser.de\/wordpress\/#website"},"datePublished":"2017-04-19T14:00:43+00:00","dateModified":"2017-05-18T16:47:48+00:00","breadcrumb":{"@id":"https:\/\/www.fotokunst-unterweser.de\/wordpress\/uwe-peglau\/#breadcrumb"},"inLanguage":"de","potentialAction":[{"@type":"ReadAction","target":["https:\/\/www.fotokunst-unterweser.de\/wordpress\/uwe-peglau\/"]}]},{"@type":"BreadcrumbList","@id":"https:\/\/www.fotokunst-unterweser.de\/wordpress\/uwe-peglau\/#breadcrumb","itemListElement":[{"@type":"ListItem","position":1,"name":"Startseite","item":"https:\/\/www.fotokunst-unterweser.de\/wordpress\/"},{"@type":"ListItem","position":2,"name":"Uwe Peglau"}]},{"@type":"WebSite","@id":"https:\/\/www.fotokunst-unterweser.de\/wordpress\/#website","url":"https:\/\/www.fotokunst-unterweser.de\/wordpress\/","name":"fotokunst unterweser","description":"","publisher":{"@id":"https:\/\/www.fotokunst-unterweser.de\/wordpress\/#organization"},"potentialAction":[{"@type":"SearchAction","target":{"@type":"EntryPoint","urlTemplate":"https:\/\/www.fotokunst-unterweser.de\/wordpress\/?s={search_term_string}"},"query-input":{"@type":"PropertyValueSpecification","valueRequired":true,"valueName":"search_term_string"}}],"inLanguage":"de"},{"@type":"Organization","@id":"https:\/\/www.fotokunst-unterweser.de\/wordpress\/#organization","name":"fotokunst unterweser","url":"https:\/\/www.fotokunst-unterweser.de\/wordpress\/","logo":{"@type":"ImageObject","inLanguage":"de","@id":"https:\/\/www.fotokunst-unterweser.de\/wordpress\/#\/schema\/logo\/image\/","url":"https:\/\/www.fotokunst-unterweser.de\/wordpress\/wp-content\/uploads\/2017\/02\/Logo_300px.jpg","contentUrl":"https:\/\/www.fotokunst-unterweser.de\/wordpress\/wp-content\/uploads\/2017\/02\/Logo_300px.jpg","width":293,"height":124,"caption":"fotokunst unterweser"},"image":{"@id":"https:\/\/www.fotokunst-unterweser.de\/wordpress\/#\/schema\/logo\/image\/"},"sameAs":["https:\/\/www.facebook.com\/fotokunstunterweser\/","https:\/\/www.facebook.com\/search\/top?q=fotokunstunterweser"]}]}},"_links":{"self":[{"href":"https:\/\/www.fotokunst-unterweser.de\/wordpress\/wp-json\/wp\/v2\/pages\/247","targetHints":{"allow":["GET"]}}],"collection":[{"href":"https:\/\/www.fotokunst-unterweser.de\/wordpress\/wp-json\/wp\/v2\/pages"}],"about":[{"href":"https:\/\/www.fotokunst-unterweser.de\/wordpress\/wp-json\/wp\/v2\/types\/page"}],"author":[{"embeddable":true,"href":"https:\/\/www.fotokunst-unterweser.de\/wordpress\/wp-json\/wp\/v2\/users\/5"}],"replies":[{"embeddable":true,"href":"https:\/\/www.fotokunst-unterweser.de\/wordpress\/wp-json\/wp\/v2\/comments?post=247"}],"version-history":[{"count":9,"href":"https:\/\/www.fotokunst-unterweser.de\/wordpress\/wp-json\/wp\/v2\/pages\/247\/revisions"}],"predecessor-version":[{"id":782,"href":"https:\/\/www.fotokunst-unterweser.de\/wordpress\/wp-json\/wp\/v2\/pages\/247\/revisions\/782"}],"wp:attachment":[{"href":"https:\/\/www.fotokunst-unterweser.de\/wordpress\/wp-json\/wp\/v2\/media?parent=247"}],"curies":[{"name":"wp","href":"https:\/\/api.w.org\/{rel}","templated":true}]}}