{"id":1429,"date":"2023-12-11T22:03:34","date_gmt":"2023-12-11T21:03:34","guid":{"rendered":"https:\/\/www.fotokunst-unterweser.de\/wordpress\/?page_id=1429"},"modified":"2023-12-11T22:07:30","modified_gmt":"2023-12-11T21:07:30","slug":"feeds","status":"publish","type":"page","link":"https:\/\/www.fotokunst-unterweser.de\/wordpress\/feeds\/","title":{"rendered":"Aktuelle Nachrichten"},"content":{"rendered":"<h3>Alle Wichtige aus Bremen und Bremerhaven<\/h3>\n<p><span style=\"font-size: 14pt;\"><div class=\"wp-rss-template-container\" data-wpra-template=\"default\" data-template-ctx=\"W10=\">\n    <div class=\"wp-rss-aggregator wpra-list-template  \" data-page=\"1\">\n    \n    \n<ul class=\"wpra-item-list rss-aggregator wpra-item-list--bullets wpra-item-list--default\"\n    start=\"1\">\n                        <li class=\"wpra-item feed-item \">\n            \n            \n\n    <a  href=\"https:\/\/www.tagesschau.de\/inland\/regional\/bremen\/rb-stadtteilcheck-diese-noten-geben-meinungsmelder-ihren-bremer-vierteln-100.html\" target=\"_blank\" rel=\"nofollow\" class=\"\">Stadtteilcheck: Diese Noten geben Meinungsmelder ihren Bremer Vierteln<\/a>\n\n\n\n\n\n\n<div class=\"wprss-feed-meta\">\n    \n    \n    <\/div>\n\n\n\n\n\n            \n        <\/li>\n                    <li class=\"wpra-item feed-item \">\n            \n            \n\n    <a  href=\"https:\/\/www.tagesschau.de\/inland\/regional\/bremen\/rb-transperson-im-bremer-steintorviertel-beleidigt-und-verletzt-102.html\" target=\"_blank\" rel=\"nofollow\" class=\"\">Transperson im Bremer Steintorviertel beleidigt und verletzt<\/a>\n\n\n\n\n\n\n<div class=\"wprss-feed-meta\">\n    \n    \n    <\/div>\n\n\n\n\n\n            \n        <\/li>\n                    <li class=\"wpra-item feed-item \">\n            \n            \n\n    <a  href=\"https:\/\/www.tagesschau.de\/inland\/regional\/bremen\/rb-jugendlicher-bei-streit-in-bremen-mit-messer-verletzt-102.html\" target=\"_blank\" rel=\"nofollow\" class=\"\">Jugendlicher bei Streit in Bremen mit Messer verletzt<\/a>\n\n\n\n\n\n\n<div class=\"wprss-feed-meta\">\n    \n    \n    <\/div>\n\n\n\n\n\n            \n        <\/li>\n                    <li class=\"wpra-item feed-item \">\n            \n            \n\n    <a  href=\"https:\/\/www.tagesschau.de\/inland\/regional\/bremen\/rb-dieser-mann-praegt-bremens-staatsarchiv-fuer-knapp-25-jahre-100.html\" target=\"_blank\" rel=\"nofollow\" class=\"\">Dieser Mann pr\u00e4gt Bremens Staatsarchiv f\u00fcr knapp 25 Jahre<\/a>\n\n\n\n\n\n\n<div class=\"wprss-feed-meta\">\n    \n    \n    <\/div>\n\n\n\n\n\n            \n        <\/li>\n                    <li class=\"wpra-item feed-item \">\n            \n            \n\n    <a  href=\"https:\/\/www.tagesschau.de\/inland\/regional\/bremen\/rb-85-jaehriger-stirbt-nach-unfall-mit-e-scooter-in-bremen-100.html\" target=\"_blank\" rel=\"nofollow\" class=\"\">85-J\u00e4hriger stirbt nach Unfall mit E-Scooter in Bremen<\/a>\n\n\n\n\n\n\n<div class=\"wprss-feed-meta\">\n    \n    \n    <\/div>\n\n\n\n\n\n            \n        <\/li>\n                    <li class=\"wpra-item feed-item \">\n            \n            \n\n    <a  href=\"https:\/\/www.tagesschau.de\/inland\/regional\/bremen\/rb-aerztemangel-in-bremen--wie-laesst-sich-das-problem-loesen-100.html\" target=\"_blank\" rel=\"nofollow\" class=\"\">\u00c4rztemangel in Bremen \u2013 wie l\u00e4sst sich das Problem l\u00f6sen?<\/a>\n\n\n\n\n\n\n<div class=\"wprss-feed-meta\">\n    \n    \n    <\/div>\n\n\n\n\n\n            \n        <\/li>\n                    <li class=\"wpra-item feed-item \">\n            \n            \n\n    <a  href=\"https:\/\/www.tagesschau.de\/inland\/regional\/bremen\/rb-jedes-2-kita-kind-in-bremen-spricht-nicht-richtig-deutsch-102.html\" target=\"_blank\" rel=\"nofollow\" class=\"\">Jedes 2. Bremer Kita-Kind im Vorschulalter spricht nicht gut Deutsch<\/a>\n\n\n\n\n\n\n<div class=\"wprss-feed-meta\">\n    \n    \n    <\/div>\n\n\n\n\n\n            \n        <\/li>\n                    <li class=\"wpra-item feed-item \">\n            \n            \n\n    <a  href=\"https:\/\/www.tagesschau.de\/inland\/regional\/bremen\/rb-milka-in-der-mogelpackung-warum-mondelez-in-bremen-vor-gericht-steht-102.html\" target=\"_blank\" rel=\"nofollow\" class=\"\">Milka in der Mogelpackung? Warum Mondelez in Bremen vor Gericht steht<\/a>\n\n\n\n\n\n\n<div class=\"wprss-feed-meta\">\n    \n    \n    <\/div>\n\n\n\n\n\n            \n        <\/li>\n                    <li class=\"wpra-item feed-item \">\n            \n            \n\n    <a  href=\"https:\/\/www.tagesschau.de\/inland\/regional\/bremen\/rb-gasfoerderung-vor-borkum-gericht-weist-klage-der-umwelthilfe-ab-100.html\" target=\"_blank\" rel=\"nofollow\" class=\"\">Gasf\u00f6rderung vor Borkum: Gericht weist Klage der Umwelthilfe ab<\/a>\n\n\n\n\n\n\n<div class=\"wprss-feed-meta\">\n    \n    \n    <\/div>\n\n\n\n\n\n            \n        <\/li>\n                    <li class=\"wpra-item feed-item \">\n            \n            \n\n    <a  href=\"https:\/\/www.tagesschau.de\/inland\/regional\/bremen\/rb-bremer-unternehmen-klagen-ueber-hoehere-kosten-und-weniger-auftraege-100.html\" target=\"_blank\" rel=\"nofollow\" class=\"\">Bremer Unternehmen klagen \u00fcber h\u00f6here Kosten und weniger Auftr\u00e4ge<\/a>\n\n\n\n\n\n\n<div class=\"wprss-feed-meta\">\n    \n    \n    <\/div>\n\n\n\n\n\n            \n        <\/li>\n        <\/ul>\n\n        \n<\/div>\n\n<\/div>\n<\/span><\/p>\n","protected":false},"excerpt":{"rendered":"<p>Alle Wichtige aus Bremen und Bremerhaven<\/p>\n","protected":false},"author":1,"featured_media":0,"parent":0,"menu_order":0,"comment_status":"closed","ping_status":"closed","template":"","meta":{"ngg_post_thumbnail":0,"footnotes":""},"class_list":["post-1429","page","type-page","status-publish","hentry"],"yoast_head":"<!-- This site is optimized with the Yoast SEO plugin v24.7 - https:\/\/yoast.com\/wordpress\/plugins\/seo\/ -->\n<title>Aktuelle Nachrichten - fotokunst unterweser<\/title>\n<meta name=\"robots\" content=\"index, follow, max-snippet:-1, max-image-preview:large, max-video-preview:-1\" \/>\n<link rel=\"canonical\" href=\"https:\/\/www.fotokunst-unterweser.de\/wordpress\/feeds\/\" \/>\n<meta property=\"og:locale\" content=\"de_DE\" \/>\n<meta property=\"og:type\" content=\"article\" \/>\n<meta property=\"og:title\" content=\"Aktuelle Nachrichten - fotokunst unterweser\" \/>\n<meta property=\"og:description\" content=\"Alle Wichtige aus Bremen und Bremerhaven\" \/>\n<meta property=\"og:url\" content=\"https:\/\/www.fotokunst-unterweser.de\/wordpress\/feeds\/\" \/>\n<meta property=\"og:site_name\" content=\"fotokunst unterweser\" \/>\n<meta property=\"article:publisher\" content=\"https:\/\/www.facebook.com\/fotokunstunterweser\/\" \/>\n<meta property=\"article:modified_time\" content=\"2023-12-11T21:07:30+00:00\" \/>\n<meta name=\"twitter:card\" content=\"summary_large_image\" \/>\n<meta name=\"twitter:label1\" content=\"Gesch\u00e4tzte Lesezeit\" \/>\n\t<meta name=\"twitter:data1\" content=\"1\u00a0Minute\" \/>\n<script type=\"application\/ld+json\" class=\"yoast-schema-graph\">{\"@context\":\"https:\/\/schema.org\",\"@graph\":[{\"@type\":\"WebPage\",\"@id\":\"https:\/\/www.fotokunst-unterweser.de\/wordpress\/feeds\/\",\"url\":\"https:\/\/www.fotokunst-unterweser.de\/wordpress\/feeds\/\",\"name\":\"Aktuelle Nachrichten - fotokunst unterweser\",\"isPartOf\":{\"@id\":\"https:\/\/www.fotokunst-unterweser.de\/wordpress\/#website\"},\"datePublished\":\"2023-12-11T21:03:34+00:00\",\"dateModified\":\"2023-12-11T21:07:30+00:00\",\"breadcrumb\":{\"@id\":\"https:\/\/www.fotokunst-unterweser.de\/wordpress\/feeds\/#breadcrumb\"},\"inLanguage\":\"de\",\"potentialAction\":[{\"@type\":\"ReadAction\",\"target\":[\"https:\/\/www.fotokunst-unterweser.de\/wordpress\/feeds\/\"]}]},{\"@type\":\"BreadcrumbList\",\"@id\":\"https:\/\/www.fotokunst-unterweser.de\/wordpress\/feeds\/#breadcrumb\",\"itemListElement\":[{\"@type\":\"ListItem\",\"position\":1,\"name\":\"Startseite\",\"item\":\"https:\/\/www.fotokunst-unterweser.de\/wordpress\/\"},{\"@type\":\"ListItem\",\"position\":2,\"name\":\"Aktuelle Nachrichten\"}]},{\"@type\":\"WebSite\",\"@id\":\"https:\/\/www.fotokunst-unterweser.de\/wordpress\/#website\",\"url\":\"https:\/\/www.fotokunst-unterweser.de\/wordpress\/\",\"name\":\"fotokunst unterweser\",\"description\":\"\",\"publisher\":{\"@id\":\"https:\/\/www.fotokunst-unterweser.de\/wordpress\/#organization\"},\"potentialAction\":[{\"@type\":\"SearchAction\",\"target\":{\"@type\":\"EntryPoint\",\"urlTemplate\":\"https:\/\/www.fotokunst-unterweser.de\/wordpress\/?s={search_term_string}\"},\"query-input\":{\"@type\":\"PropertyValueSpecification\",\"valueRequired\":true,\"valueName\":\"search_term_string\"}}],\"inLanguage\":\"de\"},{\"@type\":\"Organization\",\"@id\":\"https:\/\/www.fotokunst-unterweser.de\/wordpress\/#organization\",\"name\":\"fotokunst unterweser\",\"url\":\"https:\/\/www.fotokunst-unterweser.de\/wordpress\/\",\"logo\":{\"@type\":\"ImageObject\",\"inLanguage\":\"de\",\"@id\":\"https:\/\/www.fotokunst-unterweser.de\/wordpress\/#\/schema\/logo\/image\/\",\"url\":\"https:\/\/www.fotokunst-unterweser.de\/wordpress\/wp-content\/uploads\/2017\/02\/Logo_300px.jpg\",\"contentUrl\":\"https:\/\/www.fotokunst-unterweser.de\/wordpress\/wp-content\/uploads\/2017\/02\/Logo_300px.jpg\",\"width\":293,\"height\":124,\"caption\":\"fotokunst unterweser\"},\"image\":{\"@id\":\"https:\/\/www.fotokunst-unterweser.de\/wordpress\/#\/schema\/logo\/image\/\"},\"sameAs\":[\"https:\/\/www.facebook.com\/fotokunstunterweser\/\",\"https:\/\/www.facebook.com\/search\/top?q=fotokunstunterweser\"]}]}<\/script>\n<!-- \/ Yoast SEO plugin. -->","yoast_head_json":{"title":"Aktuelle Nachrichten - fotokunst unterweser","robots":{"index":"index","follow":"follow","max-snippet":"max-snippet:-1","max-image-preview":"max-image-preview:large","max-video-preview":"max-video-preview:-1"},"canonical":"https:\/\/www.fotokunst-unterweser.de\/wordpress\/feeds\/","og_locale":"de_DE","og_type":"article","og_title":"Aktuelle Nachrichten - fotokunst unterweser","og_description":"Alle Wichtige aus Bremen und Bremerhaven","og_url":"https:\/\/www.fotokunst-unterweser.de\/wordpress\/feeds\/","og_site_name":"fotokunst unterweser","article_publisher":"https:\/\/www.facebook.com\/fotokunstunterweser\/","article_modified_time":"2023-12-11T21:07:30+00:00","twitter_card":"summary_large_image","twitter_misc":{"Gesch\u00e4tzte Lesezeit":"1\u00a0Minute"},"schema":{"@context":"https:\/\/schema.org","@graph":[{"@type":"WebPage","@id":"https:\/\/www.fotokunst-unterweser.de\/wordpress\/feeds\/","url":"https:\/\/www.fotokunst-unterweser.de\/wordpress\/feeds\/","name":"Aktuelle Nachrichten - fotokunst unterweser","isPartOf":{"@id":"https:\/\/www.fotokunst-unterweser.de\/wordpress\/#website"},"datePublished":"2023-12-11T21:03:34+00:00","dateModified":"2023-12-11T21:07:30+00:00","breadcrumb":{"@id":"https:\/\/www.fotokunst-unterweser.de\/wordpress\/feeds\/#breadcrumb"},"inLanguage":"de","potentialAction":[{"@type":"ReadAction","target":["https:\/\/www.fotokunst-unterweser.de\/wordpress\/feeds\/"]}]},{"@type":"BreadcrumbList","@id":"https:\/\/www.fotokunst-unterweser.de\/wordpress\/feeds\/#breadcrumb","itemListElement":[{"@type":"ListItem","position":1,"name":"Startseite","item":"https:\/\/www.fotokunst-unterweser.de\/wordpress\/"},{"@type":"ListItem","position":2,"name":"Aktuelle Nachrichten"}]},{"@type":"WebSite","@id":"https:\/\/www.fotokunst-unterweser.de\/wordpress\/#website","url":"https:\/\/www.fotokunst-unterweser.de\/wordpress\/","name":"fotokunst unterweser","description":"","publisher":{"@id":"https:\/\/www.fotokunst-unterweser.de\/wordpress\/#organization"},"potentialAction":[{"@type":"SearchAction","target":{"@type":"EntryPoint","urlTemplate":"https:\/\/www.fotokunst-unterweser.de\/wordpress\/?s={search_term_string}"},"query-input":{"@type":"PropertyValueSpecification","valueRequired":true,"valueName":"search_term_string"}}],"inLanguage":"de"},{"@type":"Organization","@id":"https:\/\/www.fotokunst-unterweser.de\/wordpress\/#organization","name":"fotokunst unterweser","url":"https:\/\/www.fotokunst-unterweser.de\/wordpress\/","logo":{"@type":"ImageObject","inLanguage":"de","@id":"https:\/\/www.fotokunst-unterweser.de\/wordpress\/#\/schema\/logo\/image\/","url":"https:\/\/www.fotokunst-unterweser.de\/wordpress\/wp-content\/uploads\/2017\/02\/Logo_300px.jpg","contentUrl":"https:\/\/www.fotokunst-unterweser.de\/wordpress\/wp-content\/uploads\/2017\/02\/Logo_300px.jpg","width":293,"height":124,"caption":"fotokunst unterweser"},"image":{"@id":"https:\/\/www.fotokunst-unterweser.de\/wordpress\/#\/schema\/logo\/image\/"},"sameAs":["https:\/\/www.facebook.com\/fotokunstunterweser\/","https:\/\/www.facebook.com\/search\/top?q=fotokunstunterweser"]}]}},"_links":{"self":[{"href":"https:\/\/www.fotokunst-unterweser.de\/wordpress\/wp-json\/wp\/v2\/pages\/1429","targetHints":{"allow":["GET"]}}],"collection":[{"href":"https:\/\/www.fotokunst-unterweser.de\/wordpress\/wp-json\/wp\/v2\/pages"}],"about":[{"href":"https:\/\/www.fotokunst-unterweser.de\/wordpress\/wp-json\/wp\/v2\/types\/page"}],"author":[{"embeddable":true,"href":"https:\/\/www.fotokunst-unterweser.de\/wordpress\/wp-json\/wp\/v2\/users\/1"}],"replies":[{"embeddable":true,"href":"https:\/\/www.fotokunst-unterweser.de\/wordpress\/wp-json\/wp\/v2\/comments?post=1429"}],"version-history":[{"count":2,"href":"https:\/\/www.fotokunst-unterweser.de\/wordpress\/wp-json\/wp\/v2\/pages\/1429\/revisions"}],"predecessor-version":[{"id":1442,"href":"https:\/\/www.fotokunst-unterweser.de\/wordpress\/wp-json\/wp\/v2\/pages\/1429\/revisions\/1442"}],"wp:attachment":[{"href":"https:\/\/www.fotokunst-unterweser.de\/wordpress\/wp-json\/wp\/v2\/media?parent=1429"}],"curies":[{"name":"wp","href":"https:\/\/api.w.org\/{rel}","templated":true}]}}